{"id":1260,"date":"2023-02-20T08:37:56","date_gmt":"2023-02-20T07:37:56","guid":{"rendered":"https:\/\/dubrovniklocalguide.com\/?page_id=1260"},"modified":"2023-04-29T13:09:35","modified_gmt":"2023-04-29T12:09:35","slug":"group-tours","status":"publish","type":"page","link":"https:\/\/dubrovniklocalguide.com\/hr\/group-tours\/","title":{"rendered":"Grupne ture"},"content":{"rendered":"<div class=\"wpb-content-wrapper\">\t\t\n\t\t<div class=\"vc_row wpb_row vc_row-fluid vc_row-69e4f4b56abd4\">\t\t\n\t\t<div class=\"wpb_column vc_column_container vc_col-sm-12 vc_column_container-69e4f4b56b052\"><div class=\"vc_column-inner\"><div class=\"wpb_wrapper\">\n\t<div class=\"wpb_text_column wpb_content_element  wpb_text_column-63f323134abce\" >\n\t\t<div class=\"wpb_wrapper\">\n\t\t\t<p>Otkrijte kulturu, povijest i gastronomiju ove nevjerojatne regije. Do\u017eivite sve \u0161to ovaj grad nudi na na\u0161im turama.<\/p>\n\n\t\t<\/div>\n\t<\/div>\n\t\t\t\t<div class=\"blog-block filter-block blog-63f32325ae62c\">\n\t\t\t\t\t\t\t\t\t\t<div class=\"blog-items row isotope blog-grid\">\n\t\t\t\t\t\t<div class=\"grid-sizer col-1\"><\/div>\n\t\t\t\t\t\t\t\t\t<article class=\"blog-item category-group-tours category-walking-tours  col-12 col-md-4  wpb_animate_when_almost_visible wpb_zoomIn zoomIn istp-item\">\n\t\t\t\t<div class=\"wrap\">\n\t\t\t\t\t\t\t\t\t\t\t<div class=\"img\">\n\t\t\t\t\t\t\t\t\t\t\t\t\t\t\t<a href=\"https:\/\/dubrovniklocalguide.com\/hr\/group-tour-evening-stroll-through-dubrovniks-old-town\/\" style=\"background-image: url(https:\/\/dubrovniklocalguide.com\/wp-content\/uploads\/2023\/02\/d0bb3f0d-0b97-4162-9fa9-ca6e46f5e73b.webp)\"><\/a>\n\t\t\t\t\t\t\t\t\t\t\t\t\t<\/div>\n\t\t\t\t\t\t\t\t\t\t\t<div class=\"categories\">Grupne ture, Pje\u0161a\u010dke ture<\/div>\n\t\t\t\t\t\t\t\t\t\t\t<a class=\"title\" href=\"https:\/\/dubrovniklocalguide.com\/hr\/group-tour-evening-stroll-through-dubrovniks-old-town\/\">Grupni obilazak: ve\u010dernja \u0161etnja dubrova\u010dkim starim gradom<\/a>\n\t\t\t\t\t\t\t\t\t\t\t<div class=\"desc\">\n<\/div>\n\t\t\t\t\t\t\t\t\t\t\t<div class=\"button\">\n\t\t\t\t\t\t\t<a href=\"https:\/\/dubrovniklocalguide.com\/hr\/group-tour-evening-stroll-through-dubrovniks-old-town\/\" class=\"readmore-link button-style2\">\n\t\t\t\t\t\t\t\t<span>\u010citaj vi\u0161e<\/span>\n\t\t\t\t\t\t\t\t<i class=\"base-icon-next-2\"><\/i>\n\t\t\t\t\t\t\t<\/a>\n\t\t\t\t\t\t<\/div>\n\t\t\t\t\t\t\t\t\t<\/div>\n\t\t\t<\/article>\n\t\t\t\t\t<article class=\"blog-item category-group-tours category-walking-tours  col-12 col-md-4  wpb_animate_when_almost_visible wpb_zoomIn zoomIn istp-item\">\n\t\t\t\t<div class=\"wrap\">\n\t\t\t\t\t\t\t\t\t\t\t<div class=\"img\">\n\t\t\t\t\t\t\t\t\t\t\t\t\t\t\t<a href=\"https:\/\/dubrovniklocalguide.com\/hr\/tip-based-tour-dubrovnik-old-town-shared-walking-tour\/\" style=\"background-image: url(https:\/\/dubrovniklocalguide.com\/wp-content\/uploads\/2023\/02\/89ad4d4c-3187-4cf2-a514-437fb3344366.webp)\"><\/a>\n\t\t\t\t\t\t\t\t\t\t\t\t\t<\/div>\n\t\t\t\t\t\t\t\t\t\t\t<div class=\"categories\">Grupne ture, Pje\u0161a\u010dke ture<\/div>\n\t\t\t\t\t\t\t\t\t\t\t<a class=\"title\" href=\"https:\/\/dubrovniklocalguide.com\/hr\/tip-based-tour-dubrovnik-old-town-shared-walking-tour\/\">Obilazak na temelju savjeta: zajedni\u010dki pje\u0161a\u010dki obilazak Starog grada Dubrovnika<\/a>\n\t\t\t\t\t\t\t\t\t\t\t<div class=\"desc\">\r\n<\/div>\n\t\t\t\t\t\t\t\t\t\t\t<div class=\"button\">\n\t\t\t\t\t\t\t<a href=\"https:\/\/dubrovniklocalguide.com\/hr\/tip-based-tour-dubrovnik-old-town-shared-walking-tour\/\" class=\"readmore-link button-style2\">\n\t\t\t\t\t\t\t\t<span>\u010citaj vi\u0161e<\/span>\n\t\t\t\t\t\t\t\t<i class=\"base-icon-next-2\"><\/i>\n\t\t\t\t\t\t\t<\/a>\n\t\t\t\t\t\t<\/div>\n\t\t\t\t\t\t\t\t\t<\/div>\n\t\t\t<\/article>\n\t\t\t\t\t<article class=\"blog-item category-group-tours category-walking-tours  col-12 col-md-4  wpb_animate_when_almost_visible wpb_zoomIn zoomIn istp-item\">\n\t\t\t\t<div class=\"wrap\">\n\t\t\t\t\t\t\t\t\t\t\t<div class=\"img\">\n\t\t\t\t\t\t\t\t\t\t\t\t\t\t\t<a href=\"https:\/\/dubrovniklocalguide.com\/hr\/group-tour-historical-dubrovnik-walking-tour\/\" style=\"background-image: url(https:\/\/dubrovniklocalguide.com\/wp-content\/uploads\/2023\/02\/5feb250e-f225-4ce5-aa08-cb22419ce2ba.webp)\"><\/a>\n\t\t\t\t\t\t\t\t\t\t\t\t\t<\/div>\n\t\t\t\t\t\t\t\t\t\t\t<div class=\"categories\">Grupne ture, Pje\u0161a\u010dke ture<\/div>\n\t\t\t\t\t\t\t\t\t\t\t<a class=\"title\" href=\"https:\/\/dubrovniklocalguide.com\/hr\/group-tour-historical-dubrovnik-walking-tour\/\">Grupni obilazak: pje\u0161a\u010dka tura po povijesnom Dubrovniku<\/a>\n\t\t\t\t\t\t\t\t\t\t\t<div class=\"desc\">\r\n<\/div>\n\t\t\t\t\t\t\t\t\t\t\t<div class=\"button\">\n\t\t\t\t\t\t\t<a href=\"https:\/\/dubrovniklocalguide.com\/hr\/group-tour-historical-dubrovnik-walking-tour\/\" class=\"readmore-link button-style2\">\n\t\t\t\t\t\t\t\t<span>\u010citaj vi\u0161e<\/span>\n\t\t\t\t\t\t\t\t<i class=\"base-icon-next-2\"><\/i>\n\t\t\t\t\t\t\t<\/a>\n\t\t\t\t\t\t<\/div>\n\t\t\t\t\t\t\t\t\t<\/div>\n\t\t\t<\/article>\n\t\t\t\t\t<article class=\"blog-item category-group-tours category-walking-tours  col-12 col-md-4  wpb_animate_when_almost_visible wpb_zoomIn zoomIn istp-item\">\n\t\t\t\t<div class=\"wrap\">\n\t\t\t\t\t\t\t\t\t\t\t<div class=\"img\">\n\t\t\t\t\t\t\t\t\t\t\t\t\t\t\t<a href=\"https:\/\/dubrovniklocalguide.com\/hr\/1-hour-dubrovnik-walking-tour-by-group\/\" style=\"background-image: url(https:\/\/dubrovniklocalguide.com\/wp-content\/uploads\/2023\/02\/Dubrovnik-tour.webp)\"><\/a>\n\t\t\t\t\t\t\t\t\t\t\t\t\t<\/div>\n\t\t\t\t\t\t\t\t\t\t\t<div class=\"categories\">Grupne ture, Pje\u0161a\u010dke ture<\/div>\n\t\t\t\t\t\t\t\t\t\t\t<a class=\"title\" href=\"https:\/\/dubrovniklocalguide.com\/hr\/1-hour-dubrovnik-walking-tour-by-group\/\">1-satni grupni pje\u0161a\u010dki obilazak Dubrovnika<\/a>\n\t\t\t\t\t\t\t\t\t\t\t<div class=\"desc\">\r\n<\/div>\n\t\t\t\t\t\t\t\t\t\t\t<div class=\"button\">\n\t\t\t\t\t\t\t<a href=\"https:\/\/dubrovniklocalguide.com\/hr\/1-hour-dubrovnik-walking-tour-by-group\/\" class=\"readmore-link button-style2\">\n\t\t\t\t\t\t\t\t<span>\u010citaj vi\u0161e<\/span>\n\t\t\t\t\t\t\t\t<i class=\"base-icon-next-2\"><\/i>\n\t\t\t\t\t\t\t<\/a>\n\t\t\t\t\t\t<\/div>\n\t\t\t\t\t\t\t\t\t<\/div>\n\t\t\t<\/article>\n\t\t\t\t\t<article class=\"blog-item category-group-tours category-walking-tours  col-12 col-md-4  wpb_animate_when_almost_visible wpb_zoomIn zoomIn istp-item\">\n\t\t\t\t<div class=\"wrap\">\n\t\t\t\t\t\t\t\t\t\t\t<div class=\"img\">\n\t\t\t\t\t\t\t\t\t\t\t\t\t\t\t<a href=\"https:\/\/dubrovniklocalguide.com\/hr\/1-hour-historical-group-walking-tour-in-dubrovnik\/\" style=\"background-image: url(https:\/\/dubrovniklocalguide.com\/wp-content\/uploads\/2023\/02\/0fcdbe31-be9d-49df-b73c-565567ece821.webp)\"><\/a>\n\t\t\t\t\t\t\t\t\t\t\t\t\t<\/div>\n\t\t\t\t\t\t\t\t\t\t\t<div class=\"categories\">Grupne ture, Pje\u0161a\u010dke ture<\/div>\n\t\t\t\t\t\t\t\t\t\t\t<a class=\"title\" href=\"https:\/\/dubrovniklocalguide.com\/hr\/1-hour-historical-group-walking-tour-in-dubrovnik\/\">1-satna grupna povijesna pje\u0161a\u010dka tura u Dubrovniku<\/a>\n\t\t\t\t\t\t\t\t\t\t\t<div class=\"desc\">\r\n<\/div>\n\t\t\t\t\t\t\t\t\t\t\t<div class=\"button\">\n\t\t\t\t\t\t\t<a href=\"https:\/\/dubrovniklocalguide.com\/hr\/1-hour-historical-group-walking-tour-in-dubrovnik\/\" class=\"readmore-link button-style2\">\n\t\t\t\t\t\t\t\t<span>\u010citaj vi\u0161e<\/span>\n\t\t\t\t\t\t\t\t<i class=\"base-icon-next-2\"><\/i>\n\t\t\t\t\t\t\t<\/a>\n\t\t\t\t\t\t<\/div>\n\t\t\t\t\t\t\t\t\t<\/div>\n\t\t\t<\/article>\n\t\t\t\t\t<article class=\"blog-item category-group-tours category-walking-tours  col-12 col-md-4  wpb_animate_when_almost_visible wpb_zoomIn zoomIn istp-item\">\n\t\t\t\t<div class=\"wrap\">\n\t\t\t\t\t\t\t\t\t\t\t<div class=\"img\">\n\t\t\t\t\t\t\t\t\t\t\t\t\t\t\t<a href=\"https:\/\/dubrovniklocalguide.com\/hr\/group-tour-explore-magical-dubrovnik-walking-tour\/\" style=\"background-image: url(https:\/\/dubrovniklocalguide.com\/wp-content\/uploads\/2023\/02\/d206e31b-a627-4408-bac9-01a00da78d47.webp)\"><\/a>\n\t\t\t\t\t\t\t\t\t\t\t\t\t<\/div>\n\t\t\t\t\t\t\t\t\t\t\t<div class=\"categories\">Grupne ture, Pje\u0161a\u010dke ture<\/div>\n\t\t\t\t\t\t\t\t\t\t\t<a class=\"title\" href=\"https:\/\/dubrovniklocalguide.com\/hr\/group-tour-explore-magical-dubrovnik-walking-tour\/\">Grupni obilazak: Istra\u017eite \u010darobni dubrova\u010dki pje\u0161a\u010dki obilazak<\/a>\n\t\t\t\t\t\t\t\t\t\t\t<div class=\"desc\">\r\n<\/div>\n\t\t\t\t\t\t\t\t\t\t\t<div class=\"button\">\n\t\t\t\t\t\t\t<a href=\"https:\/\/dubrovniklocalguide.com\/hr\/group-tour-explore-magical-dubrovnik-walking-tour\/\" class=\"readmore-link button-style2\">\n\t\t\t\t\t\t\t\t<span>\u010citaj vi\u0161e<\/span>\n\t\t\t\t\t\t\t\t<i class=\"base-icon-next-2\"><\/i>\n\t\t\t\t\t\t\t<\/a>\n\t\t\t\t\t\t<\/div>\n\t\t\t\t\t\t\t\t\t<\/div>\n\t\t\t<\/article>\n\t\t\t\t\t<article class=\"blog-item category-group-tours category-walking-tours  col-12 col-md-4  wpb_animate_when_almost_visible wpb_zoomIn zoomIn istp-item\">\n\t\t\t\t<div class=\"wrap\">\n\t\t\t\t\t\t\t\t\t\t\t<div class=\"img\">\n\t\t\t\t\t\t\t\t\t\t\t\t\t\t\t<a href=\"https:\/\/dubrovniklocalguide.com\/hr\/be-the-first-dubrovnik-early-bird-group-walking-tour\/\" style=\"background-image: url(https:\/\/dubrovniklocalguide.com\/wp-content\/uploads\/2023\/02\/05f7662e-f410-474c-a907-1fffd292d83e.webp)\"><\/a>\n\t\t\t\t\t\t\t\t\t\t\t\t\t<\/div>\n\t\t\t\t\t\t\t\t\t\t\t<div class=\"categories\">Grupne ture, Pje\u0161a\u010dke ture<\/div>\n\t\t\t\t\t\t\t\t\t\t\t<a class=\"title\" href=\"https:\/\/dubrovniklocalguide.com\/hr\/be-the-first-dubrovnik-early-bird-group-walking-tour\/\">Budite prvi: Dubrovnik Early Bird Group Walking Tour<\/a>\n\t\t\t\t\t\t\t\t\t\t\t<div class=\"desc\">\r\n<\/div>\n\t\t\t\t\t\t\t\t\t\t\t<div class=\"button\">\n\t\t\t\t\t\t\t<a href=\"https:\/\/dubrovniklocalguide.com\/hr\/be-the-first-dubrovnik-early-bird-group-walking-tour\/\" class=\"readmore-link button-style2\">\n\t\t\t\t\t\t\t\t<span>\u010citaj vi\u0161e<\/span>\n\t\t\t\t\t\t\t\t<i class=\"base-icon-next-2\"><\/i>\n\t\t\t\t\t\t\t<\/a>\n\t\t\t\t\t\t<\/div>\n\t\t\t\t\t\t\t\t\t<\/div>\n\t\t\t<\/article>\n\t\t\t\t\t<article class=\"blog-item category-group-tours category-walking-tours  col-12 col-md-4  wpb_animate_when_almost_visible wpb_zoomIn zoomIn istp-item\">\n\t\t\t\t<div class=\"wrap\">\n\t\t\t\t\t\t\t\t\t\t\t<div class=\"img\">\n\t\t\t\t\t\t\t\t\t\t\t\t\t\t\t<a href=\"https:\/\/dubrovniklocalguide.com\/hr\/group-tour-best-of-dubrovnik-walking-tour\/\" style=\"background-image: url(https:\/\/dubrovniklocalguide.com\/wp-content\/uploads\/2023\/02\/Best-Dubrovnik-Walking-Tour-720x480-1.jpg)\"><\/a>\n\t\t\t\t\t\t\t\t\t\t\t\t\t<\/div>\n\t\t\t\t\t\t\t\t\t\t\t<div class=\"categories\">Grupne ture, Pje\u0161a\u010dke ture<\/div>\n\t\t\t\t\t\t\t\t\t\t\t<a class=\"title\" href=\"https:\/\/dubrovniklocalguide.com\/hr\/group-tour-best-of-dubrovnik-walking-tour\/\">Grupni obilazak: pje\u0161a\u010dka tura najboljeg Dubrovnika<\/a>\n\t\t\t\t\t\t\t\t\t\t\t<div class=\"desc\">\r\n<\/div>\n\t\t\t\t\t\t\t\t\t\t\t<div class=\"button\">\n\t\t\t\t\t\t\t<a href=\"https:\/\/dubrovniklocalguide.com\/hr\/group-tour-best-of-dubrovnik-walking-tour\/\" class=\"readmore-link button-style2\">\n\t\t\t\t\t\t\t\t<span>\u010citaj vi\u0161e<\/span>\n\t\t\t\t\t\t\t\t<i class=\"base-icon-next-2\"><\/i>\n\t\t\t\t\t\t\t<\/a>\n\t\t\t\t\t\t<\/div>\n\t\t\t\t\t\t\t\t\t<\/div>\n\t\t\t<\/article>\n\t\t\t\t\t<article class=\"blog-item category-group-tours category-walking-tours  col-12 col-md-4  wpb_animate_when_almost_visible wpb_zoomIn zoomIn istp-item\">\n\t\t\t\t<div class=\"wrap\">\n\t\t\t\t\t\t\t\t\t\t\t<div class=\"img\">\n\t\t\t\t\t\t\t\t\t\t\t\t\t\t\t<a href=\"https:\/\/dubrovniklocalguide.com\/hr\/group-tour-dubrovnik-highlights-walking-tour\/\" style=\"background-image: url(https:\/\/dubrovniklocalguide.com\/wp-content\/uploads\/2023\/02\/Dubrovnik-walking-tour-720x480-1.jpg)\"><\/a>\n\t\t\t\t\t\t\t\t\t\t\t\t\t<\/div>\n\t\t\t\t\t\t\t\t\t\t\t<div class=\"categories\">Grupne ture, Pje\u0161a\u010dke ture<\/div>\n\t\t\t\t\t\t\t\t\t\t\t<a class=\"title\" href=\"https:\/\/dubrovniklocalguide.com\/hr\/group-tour-dubrovnik-highlights-walking-tour\/\">Grupni obilazak: pje\u0161a\u010dka tura Dubrovnik Highlights<\/a>\n\t\t\t\t\t\t\t\t\t\t\t<div class=\"desc\">\r\n\r\n&nbsp;<\/div>\n\t\t\t\t\t\t\t\t\t\t\t<div class=\"button\">\n\t\t\t\t\t\t\t<a href=\"https:\/\/dubrovniklocalguide.com\/hr\/group-tour-dubrovnik-highlights-walking-tour\/\" class=\"readmore-link button-style2\">\n\t\t\t\t\t\t\t\t<span>\u010citaj vi\u0161e<\/span>\n\t\t\t\t\t\t\t\t<i class=\"base-icon-next-2\"><\/i>\n\t\t\t\t\t\t\t<\/a>\n\t\t\t\t\t\t<\/div>\n\t\t\t\t\t\t\t\t\t<\/div>\n\t\t\t<\/article>\n\t\t\t\t\t\t\t<\/div>\n\t\t\t\t\t\t\t\t\t<\/div>\n\t\t\t<\/div><\/div><\/div><\/div>\n<\/div>","protected":false},"excerpt":{"rendered":"&nbsp;","protected":false},"author":1,"featured_media":0,"parent":0,"menu_order":0,"comment_status":"closed","ping_status":"closed","template":"","meta":{"_acf_changed":false,"slim_seo":{"title":"Dubrovnik Highlights Walking Tour","description":"Discover Dubrovnik highlights, hear an interesting stories in one hours walking tour through the Old town."},"footnotes":""},"class_list":["post-1260","page","type-page","status-publish","hentry"],"acf":[],"_links":{"self":[{"href":"https:\/\/dubrovniklocalguide.com\/hr\/wp-json\/wp\/v2\/pages\/1260","targetHints":{"allow":["GET"]}}],"collection":[{"href":"https:\/\/dubrovniklocalguide.com\/hr\/wp-json\/wp\/v2\/pages"}],"about":[{"href":"https:\/\/dubrovniklocalguide.com\/hr\/wp-json\/wp\/v2\/types\/page"}],"author":[{"embeddable":true,"href":"https:\/\/dubrovniklocalguide.com\/hr\/wp-json\/wp\/v2\/users\/1"}],"replies":[{"embeddable":true,"href":"https:\/\/dubrovniklocalguide.com\/hr\/wp-json\/wp\/v2\/comments?post=1260"}],"version-history":[{"count":1,"href":"https:\/\/dubrovniklocalguide.com\/hr\/wp-json\/wp\/v2\/pages\/1260\/revisions"}],"predecessor-version":[{"id":1261,"href":"https:\/\/dubrovniklocalguide.com\/hr\/wp-json\/wp\/v2\/pages\/1260\/revisions\/1261"}],"wp:attachment":[{"href":"https:\/\/dubrovniklocalguide.com\/hr\/wp-json\/wp\/v2\/media?parent=1260"}],"curies":[{"name":"wp","href":"https:\/\/api.w.org\/{rel}","templated":true}]}}